{"id":2887,"date":"2022-10-27T09:37:26","date_gmt":"2022-10-27T07:37:26","guid":{"rendered":"https:\/\/vetica-group.com\/projekte\/"},"modified":"2024-11-19T13:55:50","modified_gmt":"2024-11-19T12:55:50","slug":"projekte","status":"publish","type":"page","link":"https:\/\/vetica-group.com\/de\/projekte\/","title":{"rendered":"Projekte"},"content":{"rendered":"<div class=\"wpb-content-wrapper\"><p>[vc_section back_color=&#8220;color-145776&#8243; overlay_alpha=&#8220;50&#8243; uncode_shortcode_id=&#8220;865652&#8243; back_color_type=&#8220;uncode-palette&#8220; el_class=&#8220;heading-section&#8220;][vc_row unlock_row=&#8220;&#8220; row_height_percent=&#8220;0&#8243; override_padding=&#8220;yes&#8220; h_padding=&#8220;0&#8243; top_padding=&#8220;0&#8243; bottom_padding=&#8220;0&#8243; overlay_alpha=&#8220;50&#8243; gutter_size=&#8220;0&#8243; column_width_percent=&#8220;0&#8243; shift_y=&#8220;0&#8243; z_index=&#8220;0&#8243; uncode_shortcode_id=&#8220;925605&#8243; css=&#8220;.vc_custom_1666260846098{border-right-width: 0px !important;border-left-width: 0px !important;padding-right: 20px !important;padding-left: 20px !important;}&#8220;][vc_column column_width_use_pixel=&#8220;yes&#8220; position_horizontal=&#8220;left&#8220; position_vertical=&#8220;middle&#8220; gutter_size=&#8220;0&#8243; override_padding=&#8220;yes&#8220; column_padding=&#8220;0&#8243; expand_height=&#8220;yes&#8220; font_family=&#8220;font-177265&#8243; overlay_alpha=&#8220;50&#8243; shift_x=&#8220;0&#8243; shift_y=&#8220;0&#8243; shift_y_down=&#8220;0&#8243; z_index=&#8220;0&#8243; medium_width=&#8220;0&#8243; mobile_width=&#8220;0&#8243; width=&#8220;1\/1&#8243; uncode_shortcode_id=&#8220;166143&#8243; column_width_pixel=&#8220;1230&#8243; css=&#8220;.vc_custom_1666864322529{border-top-width: 0px !important;border-right-width: 0px !important;border-bottom-width: 0px !important;border-left-width: 0px !important;padding-top: 90px !important;padding-right: 0px !important;padding-bottom: 25px !important;padding-left: 0px !important;}&#8220;][vc_empty_space empty_h=&#8220;4&#8243; mobile_visibility=&#8220;yes&#8220;][vc_custom_heading text_color=&#8220;color-jevc&#8220; heading_semantic=&#8220;h1&#8243; text_font=&#8220;font-177265&#8243; text_size=&#8220;fontsize-153357&#8243; text_weight=&#8220;400&#8243; text_height=&#8220;fontheight-190706&#8243; uncode_shortcode_id=&#8220;161636&#8243; text_color_type=&#8220;uncode-palette&#8220;]Unsere L\u00f6sungen haben das Wort. Wir \u00fcbersetzen Ihre Strategie in nachhaltige Werte, Produkte und Services.[\/vc_custom_heading][vc_empty_space empty_h=&#8220;2&#8243; mobile_visibility=&#8220;yes&#8220;][\/vc_column][\/vc_row][\/vc_section][vc_row row_height_percent=&#8220;0&#8243; overlay_alpha=&#8220;50&#8243; gutter_size=&#8220;3&#8243; column_width_percent=&#8220;100&#8243; shift_y=&#8220;0&#8243; z_index=&#8220;0&#8243; medium_visibility=&#8220;yes&#8220; mobile_visibility=&#8220;yes&#8220; uncode_shortcode_id=&#8220;538003&#8243;][vc_column width=&#8220;1\/1&#8243;][uncode_index el_id=&#8220;index-733855&#8243; loop=&#8220;size:All|order_by:rand|post_type:portfolio|tax_query:62,61,60,228|taxonomy_count:10&#8243; screen_lg=&#8220;1000&#8243; screen_md=&#8220;600&#8243; screen_sm=&#8220;480&#8243; filtering=&#8220;ajax&#8220; ajax_filters_content_block_id=&#8220;18787&#8243; ajax_filters_layout=&#8220;horizontal&#8220; filter_all_opposite=&#8220;yes&#8220; active_filters=&#8220;left&#8220; clear_all=&#8220;show&#8220; gutter_size=&#8220;3&#8243; portfolio_items=&#8220;media|featured|onpost|original,spacer|half,title,text|excerpt,spacer_two|two&#8220; single_width=&#8220;6&#8243; single_overlay_opacity=&#8220;50&#8243; single_padding=&#8220;0&#8243; single_text_reduced=&#8220;yes&#8220; single_thumb_hover=&#8220;yes&#8220; single_title_family=&#8220;font-177265&#8243; single_title_dimension=&#8220;h4&#8243; single_title_weight=&#8220;700&#8243; single_title_height=&#8220;fontheight-160558&#8243; single_title_space=&#8220;fontspace-138090&#8243; lbox_gallery_arrows=&#8220;no&#8220; uncode_shortcode_id=&#8220;107280&#8243; items=&#8220;eyIyMjUzX2kiOnt9LCI2MDFfaSI6e30sIjU4OV9pIjp7fSwiNTY4X2kiOnt9fQ==&#8220;][\/vc_column][\/vc_row][vc_row row_height_percent=&#8220;0&#8243; overlay_alpha=&#8220;50&#8243; gutter_size=&#8220;3&#8243; column_width_percent=&#8220;100&#8243; shift_y=&#8220;0&#8243; z_index=&#8220;0&#8243; desktop_visibility=&#8220;yes&#8220; uncode_shortcode_id=&#8220;179975&#8243;][vc_column width=&#8220;1\/1&#8243;][uncode_index el_id=&#8220;index-743855&#8243; loop=&#8220;size:All|order_by:rand|post_type:portfolio|tax_query:62,61,60,228|taxonomy_count:10&#8243; screen_lg=&#8220;1000&#8243; screen_md=&#8220;600&#8243; screen_sm=&#8220;480&#8243; filter_all_opposite=&#8220;yes&#8220; gutter_size=&#8220;3&#8243; portfolio_items=&#8220;media|featured|onpost|original,spacer|half,title,text|excerpt,spacer_two|two&#8220; single_width=&#8220;6&#8243; single_overlay_opacity=&#8220;50&#8243; single_padding=&#8220;0&#8243; single_text_reduced=&#8220;yes&#8220; single_thumb_hover=&#8220;yes&#8220; single_title_family=&#8220;font-177265&#8243; single_title_dimension=&#8220;h4&#8243; single_title_weight=&#8220;700&#8243; single_title_height=&#8220;fontheight-160558&#8243; single_title_space=&#8220;fontspace-138090&#8243; lbox_gallery_arrows=&#8220;no&#8220; uncode_shortcode_id=&#8220;127810&#8243; items=&#8220;eyIyMjUzX2kiOnt9LCI2MDFfaSI6e30sIjU4OV9pIjp7fSwiNTY4X2kiOnt9fQ==&#8220;][\/vc_column][\/vc_row]<\/p>\n<\/div>","protected":false},"excerpt":{"rendered":"<p>[vc_section back_color=&#8220;color-145776&#8243; overlay_alpha=&#8220;50&#8243; uncode_shortcode_id=&#8220;865652&#8243; back_color_type=&#8220;uncode-palette&#8220; el_class=&#8220;heading-section&#8220;][vc_row unlock_row=&#8220;&#8220; row_height_percent=&#8220;0&#8243; override_padding=&#8220;yes&#8220; h_padding=&#8220;0&#8243; top_padding=&#8220;0&#8243; bottom_padding=&#8220;0&#8243; overlay_alpha=&#8220;50&#8243; gutter_size=&#8220;0&#8243; column_width_percent=&#8220;0&#8243; shift_y=&#8220;0&#8243; z_index=&#8220;0&#8243; uncode_shortcode_id=&#8220;925605&#8243; css=&#8220;.vc_custom_1666260846098{border-right-width: 0px [&hellip;]<\/p>\n","protected":false},"author":14,"featured_media":0,"parent":0,"menu_order":0,"comment_status":"closed","ping_status":"closed","template":"","meta":{"footnotes":""},"class_list":["post-2887","page","type-page","status-publish","hentry"],"yoast_head":"<!-- This site is optimized with the Yoast SEO plugin v27.4 - https:\/\/yoast.com\/product\/yoast-seo-wordpress\/ -->\n<title>Projekte &#8226; Unsere L\u00f6sungen &#8226; Vetica Group AG<\/title>\n<meta name=\"description\" content=\"Vetica \u00fcbersetzt Ihre Businessstrategie in nachhaltige Werte, Markenidentit\u00e4ten, Produkte, Webseiten und weitere digitale Anwendungen.\" \/>\n<meta name=\"robots\" content=\"index, follow, max-snippet:-1, max-image-preview:large, max-video-preview:-1\" \/>\n<link rel=\"canonical\" href=\"https:\/\/vetica-group.com\/de\/projekte\/\" \/>\n<meta property=\"og:locale\" content=\"de_DE\" \/>\n<meta property=\"og:type\" content=\"article\" \/>\n<meta property=\"og:title\" content=\"Projekte &#8226; Unsere L\u00f6sungen &#8226; Vetica Group AG\" \/>\n<meta property=\"og:description\" content=\"Vetica \u00fcbersetzt Ihre Businessstrategie in nachhaltige Werte, Markenidentit\u00e4ten, Produkte, Webseiten und weitere digitale Anwendungen.\" \/>\n<meta property=\"og:url\" content=\"https:\/\/vetica-group.com\/de\/projekte\/\" \/>\n<meta property=\"og:site_name\" content=\"Vetica Group AG\" \/>\n<meta property=\"article:publisher\" content=\"https:\/\/www.facebook.com\/veticagroup\/\" \/>\n<meta property=\"article:modified_time\" content=\"2024-11-19T12:55:50+00:00\" \/>\n<meta name=\"twitter:card\" content=\"summary_large_image\" \/>\n<meta name=\"twitter:site\" content=\"@veticagroup\" \/>\n<meta name=\"twitter:label1\" content=\"Gesch\u00e4tzte Lesezeit\" \/>\n\t<meta name=\"twitter:data1\" content=\"1\u00a0Minute\" \/>\n<script type=\"application\/ld+json\" class=\"yoast-schema-graph\">{\"@context\":\"https:\\\/\\\/schema.org\",\"@graph\":[{\"@type\":\"WebPage\",\"@id\":\"https:\\\/\\\/vetica-group.com\\\/de\\\/projekte\\\/\",\"url\":\"https:\\\/\\\/vetica-group.com\\\/de\\\/projekte\\\/\",\"name\":\"Projekte &#8226; Unsere L\u00f6sungen &#8226; Vetica Group AG\",\"isPartOf\":{\"@id\":\"https:\\\/\\\/vetica-group.com\\\/de\\\/#website\"},\"datePublished\":\"2022-10-27T07:37:26+00:00\",\"dateModified\":\"2024-11-19T12:55:50+00:00\",\"description\":\"Vetica \u00fcbersetzt Ihre Businessstrategie in nachhaltige Werte, Markenidentit\u00e4ten, Produkte, Webseiten und weitere digitale Anwendungen.\",\"breadcrumb\":{\"@id\":\"https:\\\/\\\/vetica-group.com\\\/de\\\/projekte\\\/#breadcrumb\"},\"inLanguage\":\"de\",\"potentialAction\":[{\"@type\":\"ReadAction\",\"target\":[\"https:\\\/\\\/vetica-group.com\\\/de\\\/projekte\\\/\"]}]},{\"@type\":\"BreadcrumbList\",\"@id\":\"https:\\\/\\\/vetica-group.com\\\/de\\\/projekte\\\/#breadcrumb\",\"itemListElement\":[{\"@type\":\"ListItem\",\"position\":1,\"name\":\"Home\",\"item\":\"https:\\\/\\\/vetica-group.com\\\/de\\\/\"},{\"@type\":\"ListItem\",\"position\":2,\"name\":\"Projekte\"}]},{\"@type\":\"WebSite\",\"@id\":\"https:\\\/\\\/vetica-group.com\\\/de\\\/#website\",\"url\":\"https:\\\/\\\/vetica-group.com\\\/de\\\/\",\"name\":\"Vetica Group\",\"description\":\"Vetica Group \u2014 Globally operating brand and design agency...\",\"publisher\":{\"@id\":\"https:\\\/\\\/vetica-group.com\\\/de\\\/#organization\"},\"alternateName\":\"Vetica\",\"potentialAction\":[{\"@type\":\"SearchAction\",\"target\":{\"@type\":\"EntryPoint\",\"urlTemplate\":\"https:\\\/\\\/vetica-group.com\\\/de\\\/?s={search_term_string}\"},\"query-input\":{\"@type\":\"PropertyValueSpecification\",\"valueRequired\":true,\"valueName\":\"search_term_string\"}}],\"inLanguage\":\"de\"},{\"@type\":\"Organization\",\"@id\":\"https:\\\/\\\/vetica-group.com\\\/de\\\/#organization\",\"name\":\"Vetica \u745e\u81f4\u54c1\u724c TAIPEI\",\"alternateName\":\"Vetica\",\"url\":\"https:\\\/\\\/vetica-group.com\\\/de\\\/\",\"logo\":{\"@type\":\"ImageObject\",\"inLanguage\":\"de\",\"@id\":\"https:\\\/\\\/vetica-group.com\\\/de\\\/#\\\/schema\\\/logo\\\/image\\\/\",\"url\":\"https:\\\/\\\/www.vetica-group.com\\\/wp-content\\\/uploads\\\/2023\\\/06\\\/Vetica-Taipei-Logo-Dark.svg\",\"contentUrl\":\"https:\\\/\\\/www.vetica-group.com\\\/wp-content\\\/uploads\\\/2023\\\/06\\\/Vetica-Taipei-Logo-Dark.svg\",\"width\":97,\"height\":84,\"caption\":\"Vetica \u745e\u81f4\u54c1\u724c TAIPEI\"},\"image\":{\"@id\":\"https:\\\/\\\/vetica-group.com\\\/de\\\/#\\\/schema\\\/logo\\\/image\\\/\"},\"sameAs\":[\"https:\\\/\\\/www.facebook.com\\\/veticagroup\\\/\",\"https:\\\/\\\/x.com\\\/veticagroup\",\"https:\\\/\\\/www.linkedin.com\\\/company\\\/vetica-\u745e\u81f4\u53f0\u5317-taipei\",\"https:\\\/\\\/www.instagram.com\\\/vetica_taipei\\\/\"]}]}<\/script>\n<!-- \/ Yoast SEO plugin. -->","yoast_head_json":{"title":"Projekte &#8226; Unsere L\u00f6sungen &#8226; Vetica Group AG","description":"Vetica \u00fcbersetzt Ihre Businessstrategie in nachhaltige Werte, Markenidentit\u00e4ten, Produkte, Webseiten und weitere digitale Anwendungen.","robots":{"index":"index","follow":"follow","max-snippet":"max-snippet:-1","max-image-preview":"max-image-preview:large","max-video-preview":"max-video-preview:-1"},"canonical":"https:\/\/vetica-group.com\/de\/projekte\/","og_locale":"de_DE","og_type":"article","og_title":"Projekte &#8226; Unsere L\u00f6sungen &#8226; Vetica Group AG","og_description":"Vetica \u00fcbersetzt Ihre Businessstrategie in nachhaltige Werte, Markenidentit\u00e4ten, Produkte, Webseiten und weitere digitale Anwendungen.","og_url":"https:\/\/vetica-group.com\/de\/projekte\/","og_site_name":"Vetica Group AG","article_publisher":"https:\/\/www.facebook.com\/veticagroup\/","article_modified_time":"2024-11-19T12:55:50+00:00","twitter_card":"summary_large_image","twitter_site":"@veticagroup","twitter_misc":{"Gesch\u00e4tzte Lesezeit":"1\u00a0Minute"},"schema":{"@context":"https:\/\/schema.org","@graph":[{"@type":"WebPage","@id":"https:\/\/vetica-group.com\/de\/projekte\/","url":"https:\/\/vetica-group.com\/de\/projekte\/","name":"Projekte &#8226; Unsere L\u00f6sungen &#8226; Vetica Group AG","isPartOf":{"@id":"https:\/\/vetica-group.com\/de\/#website"},"datePublished":"2022-10-27T07:37:26+00:00","dateModified":"2024-11-19T12:55:50+00:00","description":"Vetica \u00fcbersetzt Ihre Businessstrategie in nachhaltige Werte, Markenidentit\u00e4ten, Produkte, Webseiten und weitere digitale Anwendungen.","breadcrumb":{"@id":"https:\/\/vetica-group.com\/de\/projekte\/#breadcrumb"},"inLanguage":"de","potentialAction":[{"@type":"ReadAction","target":["https:\/\/vetica-group.com\/de\/projekte\/"]}]},{"@type":"BreadcrumbList","@id":"https:\/\/vetica-group.com\/de\/projekte\/#breadcrumb","itemListElement":[{"@type":"ListItem","position":1,"name":"Home","item":"https:\/\/vetica-group.com\/de\/"},{"@type":"ListItem","position":2,"name":"Projekte"}]},{"@type":"WebSite","@id":"https:\/\/vetica-group.com\/de\/#website","url":"https:\/\/vetica-group.com\/de\/","name":"Vetica Group","description":"Vetica Group \u2014 Globally operating brand and design agency...","publisher":{"@id":"https:\/\/vetica-group.com\/de\/#organization"},"alternateName":"Vetica","potentialAction":[{"@type":"SearchAction","target":{"@type":"EntryPoint","urlTemplate":"https:\/\/vetica-group.com\/de\/?s={search_term_string}"},"query-input":{"@type":"PropertyValueSpecification","valueRequired":true,"valueName":"search_term_string"}}],"inLanguage":"de"},{"@type":"Organization","@id":"https:\/\/vetica-group.com\/de\/#organization","name":"Vetica \u745e\u81f4\u54c1\u724c TAIPEI","alternateName":"Vetica","url":"https:\/\/vetica-group.com\/de\/","logo":{"@type":"ImageObject","inLanguage":"de","@id":"https:\/\/vetica-group.com\/de\/#\/schema\/logo\/image\/","url":"https:\/\/www.vetica-group.com\/wp-content\/uploads\/2023\/06\/Vetica-Taipei-Logo-Dark.svg","contentUrl":"https:\/\/www.vetica-group.com\/wp-content\/uploads\/2023\/06\/Vetica-Taipei-Logo-Dark.svg","width":97,"height":84,"caption":"Vetica \u745e\u81f4\u54c1\u724c TAIPEI"},"image":{"@id":"https:\/\/vetica-group.com\/de\/#\/schema\/logo\/image\/"},"sameAs":["https:\/\/www.facebook.com\/veticagroup\/","https:\/\/x.com\/veticagroup","https:\/\/www.linkedin.com\/company\/vetica-\u745e\u81f4\u53f0\u5317-taipei","https:\/\/www.instagram.com\/vetica_taipei\/"]}]}},"_links":{"self":[{"href":"https:\/\/vetica-group.com\/de\/wp-json\/wp\/v2\/pages\/2887","targetHints":{"allow":["GET"]}}],"collection":[{"href":"https:\/\/vetica-group.com\/de\/wp-json\/wp\/v2\/pages"}],"about":[{"href":"https:\/\/vetica-group.com\/de\/wp-json\/wp\/v2\/types\/page"}],"author":[{"embeddable":true,"href":"https:\/\/vetica-group.com\/de\/wp-json\/wp\/v2\/users\/14"}],"replies":[{"embeddable":true,"href":"https:\/\/vetica-group.com\/de\/wp-json\/wp\/v2\/comments?post=2887"}],"version-history":[{"count":0,"href":"https:\/\/vetica-group.com\/de\/wp-json\/wp\/v2\/pages\/2887\/revisions"}],"wp:attachment":[{"href":"https:\/\/vetica-group.com\/de\/wp-json\/wp\/v2\/media?parent=2887"}],"curies":[{"name":"wp","href":"https:\/\/api.w.org\/{rel}","templated":true}]}}